{"id":3,"date":"2023-02-22T14:29:59","date_gmt":"2023-02-22T14:29:59","guid":{"rendered":"http:\/\/185.11.166.176\/~piaggio\/web\/?page_id=3"},"modified":"2023-03-03T14:11:20","modified_gmt":"2023-03-03T14:11:20","slug":"politica-privacidade","status":"publish","type":"page","link":"https:\/\/piaggiocomercial.pt\/web\/politica-privacidade\/","title":{"rendered":"Pol\u00edtica de privacidade"},"content":{"rendered":"\t\t<div data-elementor-type=\"wp-page\" data-elementor-id=\"3\" class=\"elementor elementor-3\" data-elementor-post-type=\"page\">\n\t\t\t\t\t\t<section class=\"elementor-section elementor-top-section elementor-element elementor-element-361c1fc0 elementor-section-boxed elementor-section-height-default elementor-section-height-default\" data-id=\"361c1fc0\" data-element_type=\"section\">\n\t\t\t\t\t\t<div class=\"elementor-container elementor-column-gap-default\">\n\t\t\t\t\t<div class=\"elementor-column elementor-col-100 elementor-top-column elementor-element elementor-element-43cd6dbe\" data-id=\"43cd6dbe\" data-element_type=\"column\">\n\t\t\t<div class=\"elementor-widget-wrap elementor-element-populated\">\n\t\t\t\t\t\t<div class=\"elementor-element elementor-element-c7c3751 elementor-widget elementor-widget-spacer\" data-id=\"c7c3751\" data-element_type=\"widget\" data-widget_type=\"spacer.default\">\n\t\t\t\t<div class=\"elementor-widget-container\">\n\t\t\t\t\t\t\t<div class=\"elementor-spacer\">\n\t\t\t<div class=\"elementor-spacer-inner\"><\/div>\n\t\t<\/div>\n\t\t\t\t\t\t<\/div>\n\t\t\t\t<\/div>\n\t\t\t\t<div class=\"elementor-element elementor-element-23d2409 elementor-widget elementor-widget-heading\" data-id=\"23d2409\" data-element_type=\"widget\" data-widget_type=\"heading.default\">\n\t\t\t\t<div class=\"elementor-widget-container\">\n\t\t\t\t\t<h1 class=\"elementor-heading-title elementor-size-default\">Pol\u00edtica de Privacidade<\/h1>\t\t\t\t<\/div>\n\t\t\t\t<\/div>\n\t\t\t\t<div class=\"elementor-element elementor-element-7cb8289 elementor-widget elementor-widget-spacer\" data-id=\"7cb8289\" data-element_type=\"widget\" data-widget_type=\"spacer.default\">\n\t\t\t\t<div class=\"elementor-widget-container\">\n\t\t\t\t\t\t\t<div class=\"elementor-spacer\">\n\t\t\t<div class=\"elementor-spacer-inner\"><\/div>\n\t\t<\/div>\n\t\t\t\t\t\t<\/div>\n\t\t\t\t<\/div>\n\t\t\t\t<div class=\"elementor-element elementor-element-107614e4 elementor-widget elementor-widget-text-editor\" data-id=\"107614e4\" data-element_type=\"widget\" data-widget_type=\"text-editor.default\">\n\t\t\t\t<div class=\"elementor-widget-container\">\n\t\t\t\t\t\t\t\t\t<p><\/p>\n<p>De acordo com os artigos 13 e 14 do Regulamento (UE) 2016\/679 (&#8220;GDPR&#8221;)<\/p>\n<p>A Piaggio &amp; C. S.p.A. aplica um compromisso e cuidados especiais no processamento de informa\u00e7\u00f5es referentes a si de acordo com os regulamentos de privacidade aplic\u00e1veis.<\/p>\n<p>Por favor, leia esta Pol\u00edtica de Privacidade com aten\u00e7\u00e3o para estar totalmente informado sobre nossa pol\u00edtica de prote\u00e7\u00e3o de dados.<\/p>\n<p><\/p>\n<h2 class=\"wp-block-heading\">Quem processa seus dados pessoais?<\/h2>\n<p><\/p>\n<p>Piaggio &amp; C. S.p.A., com sede em Viale Rinaldo Piaggio, 25, 56025, Pontedera (PI), It\u00e1lia (\u201cn\u00f3s\u201d ou \u201cControlador de Dados\u201d) \u00e9 a empresa que recolhe e processa os seus dados pessoais como Controlador de Dados.<\/p>\n<p><\/p>\n<h2 class=\"wp-block-heading\">Quem \u00e9 nosso DPO?<\/h2>\n<p><\/p>\n<p>O Controlador de Dados nomeou um Oficial de Prote\u00e7\u00e3o de Dados do Grupo Piaggio (\u201cGrupo DPO\u201d) de acordo com o Artigo 37 do RGPD;<\/p>\n<p>Poder\u00e1, a qualquer momento, entrar em contato com o DPO do Grupo para pedir informa\u00e7\u00f5es em rela\u00e7\u00e3o ao processamento de seus dados pessoais nos seguintes endere\u00e7os:<\/p>\n<p>Oficial de prote\u00e7\u00e3o de dados<\/p>\n<p>Viale Piaggio, 25<\/p>\n<p>56025 PONTEDERA (PI)<\/p>\n<p>E-mail: dpo@piaggio.com<\/p>\n<p><\/p>\n<h2 class=\"wp-block-heading\">Cookies<\/h2>\n<p><\/p>\n<p>Dependendo dos casos e dentro dos limites para os fins referidos na letra D), o Controlador de Dados processa as seguintes categorias de dados pessoais:<\/p>\n<p>dados pessoais (por exemplo, nome, apelido, local e data de nascimento, c\u00f3digo fiscal);<br>detalhes de contato (por exemplo, endere\u00e7o, n\u00famero de telefone, e-mail);<br>detalhes relacionados ao contrato (por exemplo, produtos e \/ ou servi\u00e7os adquiridos);<br>detalhes banc\u00e1rios;<br>a sua imagem.<br>Sujeito ao seu consentimento expl\u00edcito e exclusivamente para o prop\u00f3sito de realizar atividades de Atendimento ao Cliente, o Controlador de Dados pode processar categorias espec\u00edficas de dados pessoais, conforme previsto no Artigo 9.1 do GDPR);<\/p>\n<p>Por \u00faltimo, informamos que, atrav\u00e9s do nosso website (ou \u201cWebsite\u201d) e apenas com o seu consentimento, o Controlador de Dados pode processar dados de geolocaliza\u00e7\u00e3o \u00fateis para fornecer os servi\u00e7os oferecidos online e solicitados por si. O seu consentimento ser\u00e1 solicitado por meio do sistema pop-up.<\/p>\n<p><\/p>\n<h2 class=\"wp-block-heading\">Por que estamos a processar os seus dados pessoais?<\/h2>\n<p><\/p>\n<p><strong>1. Presta\u00e7\u00e3o de servi\u00e7os e venda online de produtos<\/strong><\/p>\n<ul>\n<li>Os dados fornecidos no preenchimento dos formul\u00e1rios do Portal ser\u00e3o processados de forma a permitir a venda de produtos ou a presta\u00e7\u00e3o de servi\u00e7os, oferecidos em cada inst\u00e2ncia, tais como:<\/li>\n<li>&#8211; atender a solicita\u00e7\u00f5es volunt\u00e1rias de material informativo sobre produtos e servi\u00e7os ou enviar Manual de Uso e Manuten\u00e7\u00e3o (LUM);<\/li>\n<li>&#8211; para atividades de vendas de produtos oferecidos no site;<\/li>\n<li>&#8211; para lidar com solicita\u00e7\u00f5es de \u201ctest ride\u201d;<\/li>\n<li>&#8211; para dar-lhe acesso \u00e0s promo\u00e7\u00f5es e ofertas apresentadas no Site;<\/li>\n<li>-aceitar o seu pedido de participa\u00e7\u00e3o na nossa Comunidade e subscrever a nossa Newsletter;<\/li>\n<li>&#8211; para lhe prestar a assist\u00eancia solicitada no nosso servi\u00e7o de Apoio ao Cliente;<\/li>\n<li>&#8211; para permitir que participe em concursos e sorteios de pr\u00e9mios.<\/li>\n<\/ul>\n<p><strong>2.&nbsp;Gest\u00e3o da atividade pr\u00e9-contratual e execu\u00e7\u00e3o do contrato<\/strong><\/p>\n<p>Utilizaremos os seus dados pessoais para realizar todas as atividades pr\u00e9-contratuais e contratuais necess\u00e1rias para atender ao seu pedido e para os fins da execu\u00e7\u00e3o do contrato entre si e o Controlador de Dados. Para este prop\u00f3sito, podemos, por exemplo, contat\u00e1-lo para lembr\u00e1-lo dos prazos ou op\u00e7\u00f5es contratuais, emitir faturas ou outros documentos contabil\u00edsticos em seu nome.<\/p>\n<p>A base legal para esses fins de processamento \u00e9 a necessidade de atender \u00e0s suas solicita\u00e7\u00f5es e de executar o contrato do qual \u00e9 parte; n\u00e3o seria poss\u00edvel para o controlador de dados executar o contrato sem utilizar os seus dados pessoais.<\/p>\n<p><\/p>\n<p><strong>3.&nbsp;Conformidade com as obriga\u00e7\u00f5es legais<\/strong><\/p>\n<p>Os seus dados pessoais podem ser processados para cumprir as obriga\u00e7\u00f5es legais \u00e0s quais o Controlador de Dados est\u00e1 sujeito (por exemplo, impostos, contabilidade, anti-lavagem de dinheiro) e seguir as instru\u00e7\u00f5es dadas pelas Autoridades e \u00d3rg\u00e3os de Controlo ao Controlador de Dados.<\/p>\n<p>A base legal para este efeito de processamento \u00e9 a necessidade de cumprir as obriga\u00e7\u00f5es legais a que o Controlador de Dados est\u00e1 sujeito; n\u00e3o seria poss\u00edvel para o controlador de dados cumprir suas obriga\u00e7\u00f5es legais sem utilizar os seus dados pessoais.<\/p>\n<p><\/p>\n<p><strong>4.&nbsp;Inqu\u00e9ritos Estat\u00edsticos<\/strong><\/p>\n<p>Utilizaremos os seus dados pessoais para realizar pesquisas estat\u00edsticas internas como parte das atividades de neg\u00f3cios do Controlador de Dados. Os inqu\u00e9ritos estat\u00edsticos efectuados ser\u00e3o utilizados apenas para efeitos de reporte interno, no interesse do Controlador de Dados melhorar os seus produtos e servi\u00e7os e implementar uma gest\u00e3o mais eficaz da sua carteira de clientes e das suas opera\u00e7\u00f5es; tais pesquisas estat\u00edsticas n\u00e3o se destinam, em qualquer caso, a realizar opera\u00e7\u00f5es e atividades diretamente para os clientes (por exemplo, campanhas de marketing).<\/p>\n<p>A base legal para esta finalidade de processamento \u00e9 a necessidade de proteger um interesse leg\u00edtimo do Controlador de Dados; a prote\u00e7\u00e3o desse interesse leg\u00edtimo n\u00e3o seria poss\u00edvel sem a utiliza\u00e7\u00e3o dos seus dados pessoais.<\/p>\n<p><\/p>\n<p><strong>5.&nbsp;Campanhas \u201crecall\u201d t\u00e9cnicas<\/strong><\/p>\n<p>Os seus dados pessoais podem ser utilizados para a realiza\u00e7\u00e3o de eventuais campanhas de recall nos ve\u00edculos por si adquiridos, por exemplo, no caso de haver alguma anomalia e de forma a garantir a sua seguran\u00e7a e a qualidade do ve\u00edculo sujeito a recall \u2013 interven\u00e7\u00e3o t\u00e9cnica.<\/p>\n<p>A base jur\u00eddica para a prossecu\u00e7\u00e3o deste objetivo \u00e9 a prote\u00e7\u00e3o do leg\u00edtimo interesse do Controlador de Dados; a prote\u00e7\u00e3o desse interesse leg\u00edtimo n\u00e3o seria poss\u00edvel sem a utiliza\u00e7\u00e3o dos seus dados pessoais.<\/p>\n<p><\/p>\n<p><strong>6.&nbsp;Defesa dos direitos do Controlador de Dados<\/strong><\/p>\n<p>Utilizaremos os seus dados pessoais para defender os nossos direitos em tribunal e fora dele em caso de viola\u00e7\u00f5es contratuais ou extracontratuais em detrimento do Controlador de Dados, por exemplo, para tomar as medidas poss\u00edveis para a recupera\u00e7\u00e3o da d\u00edvida, se isso se tornar necess\u00e1ria devido ao n\u00e3o pagamento dos montantes previstos no contrato nos prazos acordados.<\/p>\n<p>A base legal para esta finalidade de processamento \u00e9 a necessidade de proteger um interesse leg\u00edtimo do Controlador de Dados; a prote\u00e7\u00e3o desse interesse leg\u00edtimo n\u00e3o seria poss\u00edvel sem a utiliza\u00e7\u00e3o dos seus dados pessoais.<\/p>\n<p><\/p>\n<p><strong>7.&nbsp;Comunica\u00e7\u00f5es comerciais sobre produtos e \/ ou servi\u00e7os semelhantes aos adquiridos<\/strong><\/p>\n<p>O controlador de Dados pode enviar-lhe, exclusivamente atrav\u00e9s do endere\u00e7o de e-mail por si fornecido, promo\u00e7\u00f5es e ofertas de produtos e servi\u00e7os que lhe possam interessar e semelhantes aos que j\u00e1 adquiriu (os chamados Soft Spam). Acreditamos, de facto, que pode ser do seu interesse receber ofertas vantajosas relacionadas com produtos e servi\u00e7os pelos quais j\u00e1 demonstrou interesse, visto que \u00e9 do interesse das necessidades empresariais do Controlador de Dados anunciar produtos semelhantes aos comprados por si. Os contactos para o efeito ser\u00e3o efetuados exclusivamente por correio eletr\u00f3nico, sendo-lhe garantida em qualquer caso a possibilidade de decidir a qualquer momento por n\u00e3o receber tais comunica\u00e7\u00f5es.<\/p>\n<p>A base legal para esta finalidade de processamento \u00e9 a necessidade de proteger um interesse leg\u00edtimo do Controlador de Dados; a prote\u00e7\u00e3o desse interesse leg\u00edtimo n\u00e3o seria poss\u00edvel sem a utiliza\u00e7\u00e3o dos seus dados pessoais.<\/p>\n<p><\/p>\n<p><strong>8. Atividades de marketing<\/strong><\/p>\n<p>material publicit\u00e1rio, incluindo material publicit\u00e1rio personalizado, e para convid\u00e1-lo \u00e0s nossas iniciativas e eventos, realizar pesquisas de mercado e pesquisas de satisfa\u00e7\u00e3o do cliente e melhorar os nossos servi\u00e7os.<\/p>\n<p>Para al\u00e9m disso, sujeito ao seu consentimento livre e espec\u00edfico, as imagens publicadas por si em suas contas do Instagram ou Facebook e marcadas com as tags oficiais dos nossos canais sociais podem, para fins promocionais, ser utilizadas para nossa comunica\u00e7\u00e3o digital (como partilha em nossas redes sociais perfis, publica\u00e7\u00e3o em nossos sites e em nossos e-mails usados para atividades de mailing direto).<\/p>\n<p>A base legal para esses fins de processamento \u00e9 dada pelo seu consentimento, que ser\u00e1 recolhido especificamente. Caso decida n\u00e3o dar o seu consentimento, nenhum processamento dos seus dados pessoais ser\u00e1 efetuado para estes fins.<\/p>\n<p>Em qualquer caso, a falta de consentimento de sua parte n\u00e3o ter\u00e1 qualquer tipo de efeito na assinatura e execu\u00e7\u00e3o do contrato entre si e o Controlador de Dados, nem haver\u00e1 quaisquer consequ\u00eancias negativas para si.<\/p>\n<p><\/p>\n<p>9.&nbsp;<strong>Atividades de cria\u00e7\u00e3o de perfil<\/strong><\/p>\n<p>Sujeito ao seu consentimento espec\u00edfico, o Controlador de Dados pode processar, diretamente ou atrav\u00e9s das Subsidi\u00e1rias, nomeadas como Processadores de Dados, os seus dados pessoais recolhidos online, em feiras e eventos comerciais e em nossos distribuidores e revendedores para analisar os seus dados e conhecer suas prefer\u00eancias e h\u00e1bitos para uma oferta personalizada de produtos e servi\u00e7os de acordo com seus gostos e necessidades.<\/p>\n<p>O processamento dos seus dados pessoais para os fins acima referidos apenas ser\u00e1 efetuado ap\u00f3s obten\u00e7\u00e3o de consentimento espec\u00edfico. A falta de consentimento n\u00e3o afetar\u00e1 a assinatura e execu\u00e7\u00e3o do contrato entre si e o Controlador de Dados, nem haver\u00e1 quaisquer consequ\u00eancias negativas para si.<\/p>\n<p>&nbsp;Ter\u00e1, em qualquer caso, o direito de revogar o consentimento previamente dado a qualquer momento.<\/p>\n<p><\/p>\n<h2 class=\"wp-block-heading\">Quais os dados necess\u00e1rios?<\/h2>\n<div class=\"editorial__text text--body\">\n<p>O n\u00e3o fornecimento dos dados processados para os fins a que se refere a letra D) n\u00ba. 1., 2., 3., impossibilitar\u00e1 a compra de nossos produtos e a utiliza\u00e7\u00e3o de nossos servi\u00e7os, enquanto o n\u00e3o fornecimento dos dados para os fins referidos na letra D) n\u00ba. 7. impossibilitar\u00e1 o recebimento de material publicit\u00e1rio sobre nossos servi\u00e7os e produtos semelhantes aos j\u00e1 adquiridos por si.<\/p>\n<p>A falta de consentimento para o tratamento dos seus dados para os fins da letra D) 8. e 9., impossibilitar\u00e1 a rece\u00e7\u00e3o de material publicit\u00e1rio, incluindo material personalizado, sobre os nossos servi\u00e7os e produtos e a atualiza\u00e7\u00e3o sobre eventos e iniciativas organizados por n\u00f3s.<\/p>\n<\/div>\n<h2>Quando \u00e9 que o seu consentimento \u00e9 necess\u00e1rio?<\/h2>\n<div class=\"editorial__text text--body\">\n<p>O seu consentimento espec\u00edfico ser\u00e1 necess\u00e1rio em todos os casos de processamento de seus Dados Pessoais para os fins especificados na letra D) no. 8 e 9.<\/p>\n<p>Lembramos que qualquer consentimento dado por si ser\u00e1 revog\u00e1vel a qualquer momento.<\/p>\n<\/div>\n<h2>A quem seus dados s\u00e3o comunicados?<\/h2>\n<div class=\"editorial__text text--body\">\n<p>Dentro dos limites das finalidades estabelecidas na letra D), os seus dados pessoais podem ser comunicados \u00e0s seguintes categorias de pessoas nomeadas, se necess\u00e1rio, como Processadores de Dados de acordo com o Artigo 28 do RGPD:<\/p>\n<ul>\n<li>Subsidi\u00e1rias;<\/li>\n<li>Concession\u00e1rios e \/ ou distribuidores do grupo Piaggio;<\/li>\n<li>-prestadores de servi\u00e7os de gest\u00e3o de sistemas inform\u00e1ticos e do site;<\/li>\n<li>-prestadores de servi\u00e7os de consultoria jur\u00eddica, cont\u00e1bil e tribut\u00e1ria;<\/li>\n<li>empresa utilizada pelo Controlador de Dados para prestar o servi\u00e7o solicitado;<\/li>\n<li>bancos e outras institui\u00e7\u00f5es financeiras para a gest\u00e3o de pagamentos;<\/li>\n<li>autoridades e organismos de fiscaliza\u00e7\u00e3o e controlo e, em geral, entidades p\u00fablicas ou privadas com fun\u00e7\u00f5es de natureza p\u00fablica;<\/li>\n<li>Pode solicitar uma lista completa e actualizada das partes a quem os seus dados pessoais podem ser comunicados, dirigindo-se \u00e0 sede do Controlador de Dados ou contactando o DPO do Grupo nas refer\u00eancias indicadas na letra B).<\/li>\n<li>Os seus dados pessoais podem vir ao conhecimento, dentro dos limites das respectivas atribui\u00e7\u00f5es, de funcion\u00e1rios, trabalhadores destacados ou administradores e colaboradores do Controlador de Dados que actuar\u00e3o como pessoas autorizadas a process\u00e1-los nos termos do artigo 29.\u00ba do RGPD.<\/li>\n<li>Os seus dados pessoais n\u00e3o ser\u00e3o divulgados.<\/li>\n<\/ul>\n<\/div>\n<h2>Os seus dados s\u00e3o transferidos para um pa\u00eds fora da UE?<\/h2>\n<div class=\"editorial__text text--body\">\n<p>Os seus dados pessoais podem ser transferidos para uma Subsidi\u00e1ria estabelecida num pa\u00eds fora da UE.<\/p>\n<p>A transfer\u00eancia realizar-se-\u00e1 com observ\u00e2ncia das garantias previstas na legisla\u00e7\u00e3o aplic\u00e1vel, com base numa decis\u00e3o de adequa\u00e7\u00e3o nos termos do artigo 45.\u00ba do RGPD ou na ado\u00e7\u00e3o e assinatura de cl\u00e1usulas contratuais padr\u00e3o aprovadas pela Comiss\u00e3o da UE no regulamento do relacionamento entre os Controladores de Dados e as Subsidi\u00e1rias envolvidas.<\/p>\n<p>Ao simplesmente solicitar as refer\u00eancias da letra B), pode obter mais informa\u00e7\u00f5es sobre a transfer\u00eancia dos seus dados pessoais.<\/p>\n<\/div>\n<h2>Nosso CRM<\/h2>\n<div class=\"editorial__text text--body\">\n<p>A Piaggio &amp; C. S.p.A. gere o sistema de Gest\u00e3o de Relacionamento com o Cliente (ou \u201cCRM\u201d \u2013 Costumer Relationship manager) atrav\u00e9s de servidores localizados em It\u00e1lia. Todos os seus dados recolhidos pela Piaggio &amp; C. S.p.a. na forma e para os fins estabelecidos na letra D. acima e pelas subsidi\u00e1rias, inclusive por meio de seus revendedores e distribuidores, \u00e9 transferida para o sistema CRM<\/p>\n<p>Os seus dados pessoais contidos no sistema CRM podem ser processados pela Piaggio &amp; C. S.p.A. de forma agregada para fins estat\u00edsticos e, com o seu consentimento, para fins de marketing e \/ ou cria\u00e7\u00e3o de perfil<\/p>\n<p>Para realizar campanhas de publicidade \/ marketing para o Grupo Piaggio, iremos processor os seus dados pessoais contidos no sistema CRM como Controladores de Dados e, se necess\u00e1rio, nomearemos Processadores de Dados aos quais seus dados ser\u00e3o comunicados para a gest\u00e3o local de marketing campanhas.<\/p>\n<p>A Piaggio &amp; C. S.p.A. garante que implementou todas as medidas de seguran\u00e7a necess\u00e1rias para garantir a integridade dos seus dados contidos no sistema CRM.<\/p>\n<\/div>\n<h2>Como processamos seus dados?<\/h2>\n<div class=\"editorial__text text--body\">\n<p>Processaremos os seus dados pessoais com exatid\u00e3o, corretamente e de acordo com todos os princ\u00edpios estabelecidos no artigo 5\u00ba do RGPD, com ou sem a utiliza\u00e7\u00e3o de ferramentas eletr\u00f3nicas.<\/p>\n<p>As atividades de an\u00e1lise dos seus gostos e prefer\u00eancias que, com o seu consentimento, possam ser realizadas para efeitos de cria\u00e7\u00e3o de perfis, envolver\u00e3o sempre a interven\u00e7\u00e3o humana e nunca ser\u00e3o realizadas de forma exclusivamente automatizada.<\/p>\n<p>A seguran\u00e7a e confidencialidade dos seus dados pessoais ser\u00e3o garantidas atrav\u00e9s da tomada de medidas adequadas para prevenir, entre outras coisas, a divulga\u00e7\u00e3o, o acesso n\u00e3o autorizado, a altera\u00e7\u00e3o e a perda da informa\u00e7\u00e3o processada.<\/p>\n<\/div>\n<h2>Por quanto tempo mantemos seus dados?<\/h2>\n<div class=\"editorial__text text--body\">\n<p>Os seus dados pessoais ser\u00e3o guardados exclusivamente durante o tempo necess\u00e1rio para satisfazer o seu pedido, para cumprir as obriga\u00e7\u00f5es legais a que o Propriet\u00e1rio est\u00e1 sujeito e, em qualquer caso, para o estritamente necess\u00e1rio para prosseguir os fins para os quais foram recolhidos de acordo com a letra D . acima, bem como a seguinte tabela de resumo.<\/p>\n<p>Informamos que, em caso de revoga\u00e7\u00e3o do seu consentimento e, em qualquer caso, no termo dos termos acima mencionados, iremos eliminar ou tornar an\u00f3nimo dos nossos arquivos todas as informa\u00e7\u00f5es referentes a si.<\/p>\n<\/div>\n<div class=\"editorial-icon__cta motoplex--custom\"><a class=\"button button--text button--medium button--primary\" href=\"https:\/\/commercial.piaggio.com\/wlassets\/common\/Privacy_Policy\/2020\/tabelle_privacy_policy\/v2\/Informativa-Privacy-Unica-FINAL-PT\/original\/Informativa-Privacy-Unica-FINAL-PT.pdf?1619076826614\" target=\"_blank\" rel=\"noopener undefinednoopener\" data-v-96b8a8ea=\"\">TABELA DE RESUMO<\/a><\/div>\n<h2>Quais s\u00e3o os seus direitos?<\/h2>\n<div class=\"editorial__text text--body\">\n<p>Ao simplesmente comunicar as refer\u00eancias indicadas na letra B), poder\u00e1 exercer os seus direitos de acordo com os artigos 15 a 22 do RGPD.<\/p>\n<p>Em particular, pode solicitar ao Controlador de Dados que aceda aos seus dados, modifique-os e \/ ou elimine-os, bem como limitar o processamento nos casos referidos no artigo 18.\u00ba do RGPD.<\/p>\n<p>Na forma especifica no Artigo 21 do RGPD, poder\u00e1, a qualquer momento, opor-se ao processamento dos seus dados pessoais e receber as informa\u00e7\u00f5es referentes a si e \/ ou fazer com que sejam transmitidas a outro Controlador de Dados.<\/p>\n<p>Al\u00e9m disso, lembramos que qualquer consentimento dado ser\u00e1 sempre revog\u00e1vel com a mesma facilidade com que foi concedido.<\/p>\n<p>O Controlador de Dados ir\u00e1, sem atrasos indevidos e, em qualquer caso, o mais tardar no prazo de um m\u00eas a partir do exerc\u00edcio do direito, fornecer-lhe todas as informa\u00e7\u00f5es solicitadas e \/ ou comunicar as a\u00e7\u00f5es tomadas para satisfazer o seu pedido.<\/p>\n<p>Exclusivamente no caso de solicita\u00e7\u00f5es manifestamente infundadas ou excessivas, bem como devido \u00e0 sua repetitividade, o Controlador de Dados poder\u00e1 cobrar-lhe uma contribui\u00e7\u00e3o de despesa razo\u00e1vel ou negar a satisfa\u00e7\u00e3o da sua solicita\u00e7\u00e3o.<\/p>\n<p>Por fim, informamos que, se exercer algum dos direitos acima, poder\u00e1 ser solicitado a fornecer algumas informa\u00e7\u00f5es necess\u00e1rias para confirmar a sua identidade.<\/p>\n<\/div>\n<h2>Quem pode contatar para apresentar uma reclama\u00e7\u00e3o?<\/h2>\n<div class=\"editorial__text text--body\">\n<p>Se, por exemplo, acredita que o nosso processamento viola as disposi\u00e7\u00f5es do GDPR, poder\u00e1 reclamar para a Autoridade de Prote\u00e7\u00e3o de Dados (https:\/\/www.garanteprivacy.it\/home\/modulistica-e-servizi-online\/reclamo) ou para o Gabinete de Prote\u00e7\u00e3o de Dados do Estado-Membro onde reside habitualmente, trabalha ou o local onde ocorreu a alegada viola\u00e7\u00e3o.<\/p>\n<\/div>\n<h2>Atualiza\u00e7\u00e3o<\/h2>\n<div class=\"editorial__text text--body\">\n<p>Tendo em considera\u00e7\u00e3o as poss\u00edveis atualiza\u00e7\u00f5es dos regulamentos relativos ao processamento de dados pessoais, esta Pol\u00edtica de Privacidade pode ser modificada e \/ ou atualizada pelo Controlador de Dados a qualquer momento.<\/p>\n<p>As altera\u00e7\u00f5es feitas, se relevantes, ser-lhe-\u00e3o notificadas por e-mail e, em qualquer caso, ser\u00e3o vinculativas a partir do momento da sua comunica\u00e7\u00e3o ou da publica\u00e7\u00e3o da Pol\u00edtica de Privacidade revisada no Site e nos sites das Subsidi\u00e1rias.<\/p>\n<p>Para se manter sempre informado sobre como ser\u00e3o processadas suas informa\u00e7\u00f5es pessoais, basta aceder a se\u00e7\u00e3o Privacidade do Site e os sites das empresas pertencentes ao Grupo Piaggio.<\/p>\n<\/div>\n<p><\/p>\t\t\t\t\t\t\t\t<\/div>\n\t\t\t\t<\/div>\n\t\t\t\t\t<\/div>\n\t\t<\/div>\n\t\t\t\t\t<\/div>\n\t\t<\/section>\n\t\t\t\t<\/div>\n\t\t","protected":false},"excerpt":{"rendered":"<p>Pol\u00edtica de Privacidade De acordo com os artigos 13 e 14 do Regulamento (UE) 2016\/679 (&#8220;GDPR&#8221;) A Piaggio &amp; C. S.p.A. aplica um compromisso e cuidados especiais no processamento de informa\u00e7\u00f5es referentes a si de acordo com os regulamentos de privacidade aplic\u00e1veis. Por favor, leia esta Pol\u00edtica de Privacidade com aten\u00e7\u00e3o para estar totalmente informado [&hellip;]<\/p>\n","protected":false},"author":1,"featured_media":0,"parent":0,"menu_order":0,"comment_status":"closed","ping_status":"open","template":"","meta":{"footnotes":""},"class_list":["post-3","page","type-page","status-publish","hentry"],"_links":{"self":[{"href":"https:\/\/piaggiocomercial.pt\/web\/wp-json\/wp\/v2\/pages\/3","targetHints":{"allow":["GET"]}}],"collection":[{"href":"https:\/\/piaggiocomercial.pt\/web\/wp-json\/wp\/v2\/pages"}],"about":[{"href":"https:\/\/piaggiocomercial.pt\/web\/wp-json\/wp\/v2\/types\/page"}],"author":[{"embeddable":true,"href":"https:\/\/piaggiocomercial.pt\/web\/wp-json\/wp\/v2\/users\/1"}],"replies":[{"embeddable":true,"href":"https:\/\/piaggiocomercial.pt\/web\/wp-json\/wp\/v2\/comments?post=3"}],"version-history":[{"count":19,"href":"https:\/\/piaggiocomercial.pt\/web\/wp-json\/wp\/v2\/pages\/3\/revisions"}],"predecessor-version":[{"id":522,"href":"https:\/\/piaggiocomercial.pt\/web\/wp-json\/wp\/v2\/pages\/3\/revisions\/522"}],"wp:attachment":[{"href":"https:\/\/piaggiocomercial.pt\/web\/wp-json\/wp\/v2\/media?parent=3"}],"curies":[{"name":"wp","href":"https:\/\/api.w.org\/{rel}","templated":true}]}}