{"id":357,"date":"2023-02-27T16:30:59","date_gmt":"2023-02-27T16:30:59","guid":{"rendered":"https:\/\/piaggiocomercial.pt\/web\/?page_id=357"},"modified":"2024-11-15T14:52:10","modified_gmt":"2024-11-15T14:52:10","slug":"cookies","status":"publish","type":"page","link":"https:\/\/piaggiocomercial.pt\/web\/cookies\/","title":{"rendered":"Pol\u00edtica de Cookies"},"content":{"rendered":"\t\t<div data-elementor-type=\"wp-page\" data-elementor-id=\"357\" class=\"elementor elementor-357\" data-elementor-post-type=\"page\">\n\t\t\t\t\t\t<section class=\"elementor-section elementor-top-section elementor-element elementor-element-361c1fc0 elementor-section-boxed elementor-section-height-default elementor-section-height-default\" data-id=\"361c1fc0\" data-element_type=\"section\">\n\t\t\t\t\t\t<div class=\"elementor-container elementor-column-gap-default\">\n\t\t\t\t\t<div class=\"elementor-column elementor-col-100 elementor-top-column elementor-element elementor-element-43cd6dbe\" data-id=\"43cd6dbe\" data-element_type=\"column\">\n\t\t\t<div class=\"elementor-widget-wrap elementor-element-populated\">\n\t\t\t\t\t\t<div class=\"elementor-element elementor-element-107614e4 elementor-widget elementor-widget-text-editor\" data-id=\"107614e4\" data-element_type=\"widget\" data-widget_type=\"text-editor.default\">\n\t\t\t\t<div class=\"elementor-widget-container\">\n\t\t\t\t\t\t\t\t\t\n<h2 class=\"wp-block-heading\">Quem somos<\/h2>\n\n<p>Informamos que a Piaggio utiliza cookies para tornar a experi\u00eancia de navega\u00e7\u00e3o na web o melhor para todos os utilizadores que visitam o site.<\/p>\n<p>Um cookie \u00e9 um pequeno arquivo que o site transfere para o navegador do utilizador, onde s\u00e3o armazenados para serem retransmitidos ao site na pr\u00f3xima visita do mesmo utilizador.<\/p>\n<p>Os cookies s\u00e3o usados \u200b\u200bpara diversos fins, tais como: executar a autentica\u00e7\u00e3o do computador, rastreamento de sess\u00e3o, armazenamento de informa\u00e7\u00f5es sobre configura\u00e7\u00f5es espec\u00edficas de utilizadores que acedem ao servidor.<\/p>\n<p>Os cookies permitem que o site se lembre dos dados do utilizador durante a dura\u00e7\u00e3o da visita ou para visitas subsequentes, permitindo ao utilizador navegar entre as p\u00e1ginas de forma eficiente, armazenando as prefer\u00eancias do utilizador e permitindo que o utilizador interaja com redes sociais como o Facebook, Google+ , Instagram; eles tamb\u00e9m oferecem servi\u00e7os do Google Maps.<\/p>\n<p>Os cookies tamb\u00e9m podem ser utilizados \u200b\u200bpara armazenar os dados de login do utilizador e, portanto, reconhec\u00ea-lo automaticamente (tornando desnecess\u00e1rio o login todas as vezes que o utilizador acede ao site).<\/p>\n<p>Os dados s\u00e3o processados \u200b\u200bpor meio de dispositivos eletr\u00f3nicos ou, em qualquer caso, automatizados, informatizados ou telem\u00e1ticos, por meio de abordagens estritamente vinculadas aos fins acima indicados e, em qualquer caso, para garantir a seguran\u00e7a e a confidencialidade dos dados.<\/p>\n\n<h2 class=\"wp-block-heading\">Cookies t\u00e9cnicos (que n\u00e3o requerem consentimento)<\/h2>\n\n<p>De acordo com a legisla\u00e7\u00e3o em vigor em It\u00e1lia, o consentimento expresso nem sempre \u00e9 necess\u00e1rio para o uso de cookies. Em particular, esse consentimento n\u00e3o \u00e9 necess\u00e1rio para cookies t\u00e9cnicos, ou seja, aqueles usados \u200b\u200bcom o \u00fanico prop\u00f3sito de realizar a transmiss\u00e3o de uma comunica\u00e7\u00e3o atrav\u00e9s de uma rede de comunica\u00e7\u00f5es eletr\u00f3nicas, ou conforme estritamente necess\u00e1rio para fornecer um servi\u00e7o explicitamente solicitado pelo utilizador. S\u00e3o, por outras palavras, cookies essenciais para o funcionamento do site ou necess\u00e1rios \u00e0 realiza\u00e7\u00e3o de tarefas solicitadas pelo utilizador.<\/p>\n<p>A Autoridade Italiana para a Protec\u00e7\u00e3o de Dados Pessoais considera os seguintes cookies como cookies t\u00e9cnicos, que n\u00e3o requerem consentimento para a sua utiliza\u00e7\u00e3o:<\/p>\n<p>\u2022 cookies anal\u00edticos quando usados \u200b\u200bdiretamente pelo gestor do site para recolher informa\u00e7\u00f5es, de forma agregada, sobre o n\u00famero de utilizadores e como eles visitam o site,<\/p>\n<p>\u2022 cookies de navega\u00e7\u00e3o ou sess\u00e3o (para fazer login, fazer uma compra, etc.),<\/p>\n<p>\u2022 cookies de funcionalidade, que permitem ao utilizador navegar de acordo com um conjunto de crit\u00e9rios selecionados (por exemplo, o idioma, os produtos selecionados para compra), a fim de melhorar o servi\u00e7o prestado aos mesmos.<\/p>\n\n<h2 class=\"wp-block-heading\">Cookies de perfil (que exigem CONSENTIMENTO)<\/h2>\n\n<p>O nosso site tamb\u00e9m utiliza cookies de perfil que s\u00f3 podemos instalar com o seu consentimento pr\u00e9vio.<\/p>\n<p>Os cookies de perfil s\u00e3o concebidos para criar perfis sobre os utilizadores e s\u00e3o utilizados para enviar mensagens publicit\u00e1rias de acordo com as prefer\u00eancias expressas pelo utilizador durante a navega\u00e7\u00e3o. Esses cookies s\u00e3o utilizados \u200b\u200bpara apresentar o melhor conte\u00fado aos utilizadores de acordo com seus interesses. Este tipos de cookies podem ser usados \u200b\u200bpara exibir an\u00fancios direcionados ou para limitar o n\u00famero de vezes que um an\u00fancio \u00e9 mostrado. Dada a consider\u00e1vel invas\u00e3o da vida privada dos utilizadores que esses dispositivos podem envolver, a legisla\u00e7\u00e3o italiana e europeia exige que o utilizador seja devidamente informado sobre o uso desses cookies e que conceda um consentimento v\u00e1lido. Os cookies de perfil requerem o consentimento pr\u00e9vio, livre e informado do Utilizador, que o Site obt\u00e9m nas formas especificadas no Regulamento, utilizando o banner que aparece na primeira visita, bem como atrav\u00e9s do aviso completo que permite ao utilizador conceder ou recusar o relativo consentimento.<\/p>\n\n<h2 class=\"wp-block-heading\">Cookies prim\u00e1rios e de terceiros<\/h2>\n\n<p>Se os cookies recebidos do terminal do utilizador forem instalados diretamente pelo gestor do site que o utilizador est\u00e1 a visitar, ent\u00e3o eles s\u00e3o cookies prim\u00e1rios. Enquanto navega no site, o utilizador pode, no entanto, receber cookies de diferentes sites ou servidores da web (&#8220;cookies de terceiros&#8221;) que podem incluir alguns elementos (por exemplo, imagens, mapas, sons, links espec\u00edficos para p\u00e1ginas de outros dom\u00ednios) no site que o utilizador est\u00e1 a visitar. Esses cookies s\u00e3o definidos por um site diferente do que est\u00e1 a ser visitado no momento.<\/p>\n\n<p>\u00a0<\/p>\n\n<h2 class=\"wp-block-heading\">Bloqueio de cookies<\/h2>\n\n<p>Os utilizadores podem selecionar quais os cookies a permitir por meio do procedimento apropriado fornecido abaixo, bem como autorizar, bloquear ou excluir (no todo ou em parte) cookies por meio de fun\u00e7\u00f5es espec\u00edficas de seu navegador: no entanto, no caso de todos ou alguns cookies serem desativados, \u00e9 poss\u00edvel que o site n\u00e3o possa ser consultado ou que alguns servi\u00e7os ou certas fun\u00e7\u00f5es do site n\u00e3o estejam dispon\u00edveis ou n\u00e3o funcionem adequadamente e \/ ou os utilizadores possam ser for\u00e7ados a alterar ou inserir manualmente certas informa\u00e7\u00f5es ou prefer\u00eancias cada vez que visitam o site.<\/p>\n<p>Se desejar modificar as suas configura\u00e7\u00f5es de cookies, instru\u00e7\u00f5es resumidas s\u00e3o fornecidas abaixo sobre como fazer isso nos quatro navegadores mais populares:<\/p>\n<p>Microsoft Internet Explorer<\/p>\n<p>Clique no \u00edcone &#8216;Ferramentas&#8217; no canto superior direito e selecione &#8216;Op\u00e7\u00f5es da Internet&#8217;. Na janela pop-up, selecione &#8216;Privacidade&#8217;. Aqui poder\u00e1 ajustar as suas configura\u00e7\u00f5es de cookies.<\/p>\n<p>Google Chrome<\/p>\n<p>Clique no \u00edcone de &#8216;chave inglesa&#8217; no canto superior direito e selecione &#8216;Configura\u00e7\u00f5es&#8217;. Em seguida, selecione &#8220;Configura\u00e7\u00f5es avan\u00e7adas&#8221; e altere as configura\u00e7\u00f5es na se\u00e7\u00e3o &#8220;Privacidade&#8221;.<\/p>\n<p>Mozilla Firefox<\/p>\n<p>No menu suspenso no canto superior esquerdo, selecione &#8216;Op\u00e7\u00f5es&#8217;. Na janela pop-up, selecione &#8216;Privacidade&#8217;. Aqui poder\u00e1 ajustar as suas configura\u00e7\u00f5es de cookies.<\/p>\n<p>Safari<\/p>\n<p>No menu suspenso no canto superior direito, selecione &#8216;Prefer\u00eancias&#8217;. Selecione &#8216;Seguran\u00e7a&#8217; e aqui pode ajustar as configura\u00e7\u00f5es dos seus cookies.<\/p>\n<p>Conforme j\u00e1 previsto no banner que aparece imediatamente ao visitar o site pela primeira vez, o consentimento para o uso de todos os cookies pode ser fornecido pelos utilizadores selecionando a chave de aceita\u00e7\u00e3o virtual (por exemplo, um OK, um tique, etc.) ou continuando a navegar no site (por exemplo, ignorando o banner \/ pop-up e realizando outras opera\u00e7\u00f5es). Os utilizadores tamb\u00e9m ter\u00e3o acesso gratuito ao link de divulga\u00e7\u00e3o estendida, completo com todas as informa\u00e7\u00f5es do cookie (descri\u00e7\u00e3o, finalidade e armazenamento), no qual o utilizador poder\u00e1 dar consentimento apenas para determinadas categorias de cookies.<\/p>\n\t\t\t\t\t\t\t\t<\/div>\n\t\t\t\t<\/div>\n\t\t\t\t<div class=\"elementor-element elementor-element-2cd94f2 elementor-widget elementor-widget-html\" data-id=\"2cd94f2\" data-element_type=\"widget\" data-widget_type=\"html.default\">\n\t\t\t\t<div class=\"elementor-widget-container\">\n\t\t\t\t\t<!-- OneTrust Cookies Settings button start -->\n<button id=\"ot-sdk-btn\" class=\"ot-sdk-show-settings\">Cookie Settings<\/button>\n<!-- OneTrust Cookies Settings button end -->\t\t\t\t<\/div>\n\t\t\t\t<\/div>\n\t\t\t\t\t<\/div>\n\t\t<\/div>\n\t\t\t\t\t<\/div>\n\t\t<\/section>\n\t\t\t\t<\/div>\n\t\t","protected":false},"excerpt":{"rendered":"<p>Quem somos Informamos que a Piaggio utiliza cookies para tornar a experi\u00eancia de navega\u00e7\u00e3o na web o melhor para todos os utilizadores que visitam o site. Um cookie \u00e9 um pequeno arquivo que o site transfere para o navegador do utilizador, onde s\u00e3o armazenados para serem retransmitidos ao site na pr\u00f3xima visita do mesmo utilizador. [&hellip;]<\/p>\n","protected":false},"author":1,"featured_media":0,"parent":0,"menu_order":0,"comment_status":"closed","ping_status":"closed","template":"","meta":{"footnotes":""},"class_list":["post-357","page","type-page","status-publish","hentry"],"_links":{"self":[{"href":"https:\/\/piaggiocomercial.pt\/web\/wp-json\/wp\/v2\/pages\/357","targetHints":{"allow":["GET"]}}],"collection":[{"href":"https:\/\/piaggiocomercial.pt\/web\/wp-json\/wp\/v2\/pages"}],"about":[{"href":"https:\/\/piaggiocomercial.pt\/web\/wp-json\/wp\/v2\/types\/page"}],"author":[{"embeddable":true,"href":"https:\/\/piaggiocomercial.pt\/web\/wp-json\/wp\/v2\/users\/1"}],"replies":[{"embeddable":true,"href":"https:\/\/piaggiocomercial.pt\/web\/wp-json\/wp\/v2\/comments?post=357"}],"version-history":[{"count":7,"href":"https:\/\/piaggiocomercial.pt\/web\/wp-json\/wp\/v2\/pages\/357\/revisions"}],"predecessor-version":[{"id":1182,"href":"https:\/\/piaggiocomercial.pt\/web\/wp-json\/wp\/v2\/pages\/357\/revisions\/1182"}],"wp:attachment":[{"href":"https:\/\/piaggiocomercial.pt\/web\/wp-json\/wp\/v2\/media?parent=357"}],"curies":[{"name":"wp","href":"https:\/\/api.w.org\/{rel}","templated":true}]}}